{"id":148,"date":"2026-04-09T10:37:56","date_gmt":"2026-04-09T10:37:56","guid":{"rendered":"https:\/\/theme.madsparrow.me\/most\/?page_id=148"},"modified":"2026-04-10T10:18:22","modified_gmt":"2026-04-10T10:18:22","slug":"timeline","status":"publish","type":"page","link":"https:\/\/yabanarisi.com\/?page_id=148","title":{"rendered":"Zaman \u00c7izelgesi"},"content":{"rendered":"\t\t<div data-elementor-type=\"wp-page\" data-elementor-id=\"148\" class=\"elementor elementor-148\">\n\t\t\t\t\t\t<section class=\"elementor-section elementor-top-section elementor-element elementor-element-0f44892 elementor-section-height-min-height elementor-section-boxed elementor-section-height-default elementor-section-items-middle\" data-id=\"0f44892\" data-element_type=\"section\" data-e-type=\"section\" data-settings=\"{&quot;background_background&quot;:&quot;classic&quot;}\">\n\t\t\t\t\t\t\t<div class=\"elementor-background-overlay\"><\/div>\n\t\t\t\t\t\t\t<div class=\"elementor-container elementor-column-gap-extended\">\n\t\t\t\t\t<div class=\"elementor-column elementor-col-100 elementor-top-column elementor-element elementor-element-f978a52\" data-id=\"f978a52\" data-element_type=\"column\" data-e-type=\"column\">\n\t\t\t<div class=\"elementor-widget-wrap elementor-element-populated\">\n\t\t\t\t\t\t<div class=\"elementor-element elementor-element-c6e38a6 elementor-widget elementor-widget-heading\" data-id=\"c6e38a6\" data-element_type=\"widget\" data-e-type=\"widget\" data-widget_type=\"heading.default\">\n\t\t\t\t\t<h2 class=\"elementor-heading-title elementor-size-default\">Yaban Ar\u0131s\u0131 - Alaz'\u0131n Hik\u00e2yesi<\/h2>\t\t\t\t<\/div>\n\t\t\t\t<div class=\"elementor-element elementor-element-67d76ab elementor-widget elementor-widget-heading\" data-id=\"67d76ab\" data-element_type=\"widget\" data-e-type=\"widget\" data-widget_type=\"heading.default\">\n\t\t\t\t\t<h1 class=\"elementor-heading-title elementor-size-default\">Zaman \u00c7izelgesi<\/h1>\t\t\t\t<\/div>\n\t\t\t\t\t<\/div>\n\t\t<\/div>\n\t\t\t\t\t<\/div>\n\t\t<\/section>\n\t\t\t\t<section class=\"elementor-section elementor-top-section elementor-element elementor-element-6987337 elementor-section-boxed elementor-section-height-default elementor-section-height-default\" data-id=\"6987337\" data-element_type=\"section\" data-e-type=\"section\">\n\t\t\t\t\t\t<div class=\"elementor-container elementor-column-gap-extended\">\n\t\t\t\t\t<div class=\"elementor-column elementor-col-100 elementor-top-column elementor-element elementor-element-c65574d\" data-id=\"c65574d\" data-element_type=\"column\" data-e-type=\"column\">\n\t\t\t<div class=\"elementor-widget-wrap elementor-element-populated\">\n\t\t\t\t\t\t<div class=\"elementor-element elementor-element-a5657fb elementor-widget elementor-widget-ms_posts\" data-id=\"a5657fb\" data-element_type=\"widget\" data-e-type=\"widget\" data-widget_type=\"ms_posts.default\">\n\t\t\t\t<div class=\"elementor-widget-container\">\n\t\t\t\t\t\t\t\r\n\t\t<div class=\"ms-posts--wrap\">\r\n\t\t\t<div class=\"row ms-posts--card\" id=\"a5657fb\" data-order=\"\">\r\n\r\n\t\t\t\t\t\r\n\r\n\t\t\t\t\t\t\r\n<article id=\"post-29\" class=\"grid-item col-sm-12 col-md-6 col-lg-4 post-29 post type-post status-publish format-standard has-post-thumbnail hentry category-ziyaretler tag-sinema-filmi tag-ted-koleji tag-yaban-arisi\">\r\n\r\n          <a href=\"https:\/\/yabanarisi.com\/?p=29\" aria-label=\"TED ANKARA KOLEJL\u0130LER S.K. Z\u0130YARET\u0130\">\r\n        <figure class=\"media-wrapper media-wrapper--4:3\">\r\n          <img decoding=\"async\" src=\"https:\/\/yabanarisi.com\/wp-content\/uploads\/2022\/08\/1.webp\" alt=\"TED ANKARA KOLEJL\u0130LER S.K. Z\u0130YARET\u0130\">\r\n        <\/figure>\r\n              <\/a>\r\n    \r\n    <div class=\"post-meta-cont\">\r\n\r\n      <div class=\"post-header\">\r\n                <div class=\"post-category\"><ul class=\"post-categories\">\n\t<li><a href=\"https:\/\/yabanarisi.com\/?cat=47\" rel=\"category\">Ziyaretler<\/a><\/li><\/ul><\/div>\r\n      <\/div>\r\n\r\n      <a href=\"https:\/\/yabanarisi.com\/?p=29\" aria-label=\"TED ANKARA KOLEJL\u0130LER S.K. Z\u0130YARET\u0130\">\r\n        <h3>TED ANKARA KOLEJL\u0130LER S.K. Z\u0130YARET\u0130<\/h3>\r\n      <\/a>\r\n      \r\n              <p class=\"post-excerpt\">A\u00e7\u0131klama T\u00fcrkiye&#8217;nin \u0130lk Kad\u0131n Basketbol Filmi Olma \u00d6zelli\u011fine Sahip Yaban Ar\u0131s\u0131 &#8211; Alaz...<\/p>            \r\n      <div class=\"post-meta-footer\">\r\n        <span class=\"post-footer--author\">\r\n          <img decoding=\"async\" src=\"https:\/\/secure.gravatar.com\/avatar\/0eea6d464fe354fd958eccdae5b2af263b18b1c05c8ffd6d1d3f399550869903?s=45&d=mm&r=g\" alt=\"Hilal Eyesa Can\">\r\n          <div class=\"post-meta__info\">\r\n            <span class=\"post-meta__author\">Hilal Eyesa Can<\/span>\r\n            <div class=\"card__footer\">\r\n              <span class=\"post-meta__date\">Nis 9, 2026<\/span>\r\n              <span class=\"ms-p--ttr\">1 min read<\/span>\r\n            <\/div>\r\n          <\/div>\r\n        <\/span>\r\n      <\/div>\r\n    <\/div>\r\n<\/article>\r\n\r\n\t\t\t\t\t\r\n\r\n\t\t\t\t\t\t\r\n<article id=\"post-27\" class=\"grid-item col-sm-12 col-md-6 col-lg-4 post-27 post type-post status-publish format-standard has-post-thumbnail hentry category-ziyaretler tag-basketbol tag-gallardo-group tag-gallardo-spor tag-sinema-filmi tag-yaban-arisi\">\r\n\r\n          <a href=\"https:\/\/yabanarisi.com\/?p=27\" aria-label=\"Gallardo Group &amp; Gallardo S.K. Ziyareti\">\r\n        <figure class=\"media-wrapper media-wrapper--4:3\">\r\n          <img decoding=\"async\" src=\"https:\/\/yabanarisi.com\/wp-content\/uploads\/2022\/08\/1-1-e1775813054557.webp\" alt=\"Gallardo Group &amp; Gallardo S.K. Ziyareti\">\r\n        <\/figure>\r\n              <\/a>\r\n    \r\n    <div class=\"post-meta-cont\">\r\n\r\n      <div class=\"post-header\">\r\n                <div class=\"post-category\"><ul class=\"post-categories\">\n\t<li><a href=\"https:\/\/yabanarisi.com\/?cat=47\" rel=\"category\">Ziyaretler<\/a><\/li><\/ul><\/div>\r\n      <\/div>\r\n\r\n      <a href=\"https:\/\/yabanarisi.com\/?p=27\" aria-label=\"Gallardo Group &amp; Gallardo S.K. Ziyareti\">\r\n        <h3>Gallardo Group &amp; Gallardo S.K. Ziyareti<\/h3>\r\n      <\/a>\r\n      \r\n              <p class=\"post-excerpt\">A\u00e7\u0131klama T\u00fcrkiye&#8217;nin \u0130lk Kad\u0131n Basketbol Filmi Olma \u00d6zelli\u011fine Sahip Yaban Ar\u0131s\u0131 &#8211; Alaz...<\/p>            \r\n      <div class=\"post-meta-footer\">\r\n        <span class=\"post-footer--author\">\r\n          <img decoding=\"async\" src=\"https:\/\/secure.gravatar.com\/avatar\/0eea6d464fe354fd958eccdae5b2af263b18b1c05c8ffd6d1d3f399550869903?s=45&d=mm&r=g\" alt=\"Hilal Eyesa Can\">\r\n          <div class=\"post-meta__info\">\r\n            <span class=\"post-meta__author\">Hilal Eyesa Can<\/span>\r\n            <div class=\"card__footer\">\r\n              <span class=\"post-meta__date\">Nis 7, 2026<\/span>\r\n              <span class=\"ms-p--ttr\">1 min read<\/span>\r\n            <\/div>\r\n          <\/div>\r\n        <\/span>\r\n      <\/div>\r\n    <\/div>\r\n<\/article>\r\n\r\n\t\t\t\t\t\r\n\r\n\t\t\t\t\t\t\r\n<article id=\"post-25\" class=\"grid-item col-sm-12 col-md-6 col-lg-4 post-25 post type-post status-publish format-standard has-post-thumbnail hentry category-ziyaretler tag-basketbol tag-nesibe-aydin-okullari tag-nesibe-aydin-s-k tag-sinema-filmi tag-yaban-arisi\">\r\n\r\n          <a href=\"https:\/\/yabanarisi.com\/?p=25\" aria-label=\"Nesibe Ayd\u0131n S.K. Ziyaret\">\r\n        <figure class=\"media-wrapper media-wrapper--4:3\">\r\n          <img decoding=\"async\" src=\"https:\/\/yabanarisi.com\/wp-content\/uploads\/2026\/04\/1.webp\" alt=\"Nesibe Ayd\u0131n S.K. Ziyaret\">\r\n        <\/figure>\r\n              <\/a>\r\n    \r\n    <div class=\"post-meta-cont\">\r\n\r\n      <div class=\"post-header\">\r\n                <div class=\"post-category\"><ul class=\"post-categories\">\n\t<li><a href=\"https:\/\/yabanarisi.com\/?cat=47\" rel=\"category\">Ziyaretler<\/a><\/li><\/ul><\/div>\r\n      <\/div>\r\n\r\n      <a href=\"https:\/\/yabanarisi.com\/?p=25\" aria-label=\"Nesibe Ayd\u0131n S.K. Ziyaret\">\r\n        <h3>Nesibe Ayd\u0131n S.K. Ziyaret<\/h3>\r\n      <\/a>\r\n      \r\n              <p class=\"post-excerpt\">A\u00e7\u0131klama T\u00fcrkiye&#8217;nin \u0130lk Kad\u0131n Basketbol Filmi Olma \u00d6zelli\u011fine Sahip Yaban Ar\u0131s\u0131 &#8211; Alaz...<\/p>            \r\n      <div class=\"post-meta-footer\">\r\n        <span class=\"post-footer--author\">\r\n          <img decoding=\"async\" src=\"https:\/\/secure.gravatar.com\/avatar\/0eea6d464fe354fd958eccdae5b2af263b18b1c05c8ffd6d1d3f399550869903?s=45&d=mm&r=g\" alt=\"Hilal Eyesa Can\">\r\n          <div class=\"post-meta__info\">\r\n            <span class=\"post-meta__author\">Hilal Eyesa Can<\/span>\r\n            <div class=\"card__footer\">\r\n              <span class=\"post-meta__date\">Nis 4, 2026<\/span>\r\n              <span class=\"ms-p--ttr\">1 min read<\/span>\r\n            <\/div>\r\n          <\/div>\r\n        <\/span>\r\n      <\/div>\r\n    <\/div>\r\n<\/article>\r\n\r\n\t\t\t\t\t\r\n\r\n\t\t\t\t\t\t\r\n<article id=\"post-21\" class=\"grid-item col-sm-12 col-md-6 col-lg-4 post-21 post type-post status-publish format-standard has-post-thumbnail hentry category-ziyaretler tag-basketbol tag-cankaya-universitesi tag-kadin-basketbol tag-sinema-filmi tag-yaban-arisi\">\r\n\r\n          <a href=\"https:\/\/yabanarisi.com\/?p=21\" aria-label=\"\u00c7ankaya \u00dcniversitesi S.K. Ziyaret\">\r\n        <figure class=\"media-wrapper media-wrapper--4:3\">\r\n          <img decoding=\"async\" src=\"https:\/\/yabanarisi.com\/wp-content\/uploads\/2026\/04\/1-1.webp\" alt=\"\u00c7ankaya \u00dcniversitesi S.K. Ziyaret\">\r\n        <\/figure>\r\n              <\/a>\r\n    \r\n    <div class=\"post-meta-cont\">\r\n\r\n      <div class=\"post-header\">\r\n                <div class=\"post-category\"><ul class=\"post-categories\">\n\t<li><a href=\"https:\/\/yabanarisi.com\/?cat=47\" rel=\"category\">Ziyaretler<\/a><\/li><\/ul><\/div>\r\n      <\/div>\r\n\r\n      <a href=\"https:\/\/yabanarisi.com\/?p=21\" aria-label=\"\u00c7ankaya \u00dcniversitesi S.K. Ziyaret\">\r\n        <h3>\u00c7ankaya \u00dcniversitesi S.K. Ziyaret<\/h3>\r\n      <\/a>\r\n      \r\n              <p class=\"post-excerpt\">A\u00e7\u0131klama T\u00fcrkiye&#8217;nin \u0130lk Kad\u0131n Basketbol Filmi Olma \u00d6zelli\u011fine Sahip Yaban Ar\u0131s\u0131 &#8211; Alaz...<\/p>            \r\n      <div class=\"post-meta-footer\">\r\n        <span class=\"post-footer--author\">\r\n          <img decoding=\"async\" src=\"https:\/\/secure.gravatar.com\/avatar\/0eea6d464fe354fd958eccdae5b2af263b18b1c05c8ffd6d1d3f399550869903?s=45&d=mm&r=g\" alt=\"Hilal Eyesa Can\">\r\n          <div class=\"post-meta__info\">\r\n            <span class=\"post-meta__author\">Hilal Eyesa Can<\/span>\r\n            <div class=\"card__footer\">\r\n              <span class=\"post-meta__date\">Nis 1, 2026<\/span>\r\n              <span class=\"ms-p--ttr\">3 min read<\/span>\r\n            <\/div>\r\n          <\/div>\r\n        <\/span>\r\n      <\/div>\r\n    <\/div>\r\n<\/article>\r\n\r\n\t\t\t\t\t\r\n\r\n\t\t\t\t\t\t\r\n<article id=\"post-3207\" class=\"grid-item col-sm-12 col-md-6 col-lg-4 post-3207 post type-post status-publish format-standard has-post-thumbnail hentry category-haberler tag-arda-uzmez tag-goruntu-yonetmeni tag-sinema-filmi tag-yaban-arisi\">\r\n\r\n          <a href=\"https:\/\/yabanarisi.com\/?p=3207\" aria-label=\"Kamera Arkas\u0131ndaki Vizyonumuz Belli Oldu:\">\r\n        <figure class=\"media-wrapper media-wrapper--4:3\">\r\n          <img decoding=\"async\" src=\"https:\/\/yabanarisi.com\/wp-content\/uploads\/2022\/08\/arda-uzmez.webp\" alt=\"Kamera Arkas\u0131ndaki Vizyonumuz Belli Oldu:\">\r\n        <\/figure>\r\n              <\/a>\r\n    \r\n    <div class=\"post-meta-cont\">\r\n\r\n      <div class=\"post-header\">\r\n                <div class=\"post-category\"><ul class=\"post-categories\">\n\t<li><a href=\"https:\/\/yabanarisi.com\/?cat=63\" rel=\"category\">Haberler<\/a><\/li><\/ul><\/div>\r\n      <\/div>\r\n\r\n      <a href=\"https:\/\/yabanarisi.com\/?p=3207\" aria-label=\"Kamera Arkas\u0131ndaki Vizyonumuz Belli Oldu:\">\r\n        <h3>Kamera Arkas\u0131ndaki Vizyonumuz Belli Oldu:<\/h3>\r\n      <\/a>\r\n      \r\n              <p class=\"post-excerpt\">Usta G\u00f6r\u00fcnt\u00fc Y\u00f6netmeni Arda \u00dczmez Ekibimizde! Yaban Ar\u0131s\u0131 &#8211; Alaz&#8217;\u0131n Hikayesi filmimizde...<\/p>            \r\n      <div class=\"post-meta-footer\">\r\n        <span class=\"post-footer--author\">\r\n          <img decoding=\"async\" src=\"https:\/\/secure.gravatar.com\/avatar\/0eea6d464fe354fd958eccdae5b2af263b18b1c05c8ffd6d1d3f399550869903?s=45&d=mm&r=g\" alt=\"Hilal Eyesa Can\">\r\n          <div class=\"post-meta__info\">\r\n            <span class=\"post-meta__author\">Hilal Eyesa Can<\/span>\r\n            <div class=\"card__footer\">\r\n              <span class=\"post-meta__date\">\u015eub 19, 2026<\/span>\r\n              <span class=\"ms-p--ttr\">3 min read<\/span>\r\n            <\/div>\r\n          <\/div>\r\n        <\/span>\r\n      <\/div>\r\n    <\/div>\r\n<\/article>\r\n\r\n\t\t\t\t\t\r\n\r\n\t\t\t\t\t\t\r\n<article id=\"post-3208\" class=\"grid-item col-sm-12 col-md-6 col-lg-4 post-3208 post type-post status-publish format-standard has-post-thumbnail hentry category-uncategorized tag-faruk-karagul tag-gonul-dagi tag-sinema-filmi tag-yaban-arisi\">\r\n\r\n          <a href=\"https:\/\/yabanarisi.com\/?p=3208\" aria-label=\"Ba\u015far\u0131l\u0131 Oyuncu Faruk Karag\u00fcl &#8211; Timur Karakterini Canland\u0131racak\">\r\n        <figure class=\"media-wrapper media-wrapper--4:3\">\r\n          <img decoding=\"async\" src=\"https:\/\/yabanarisi.com\/wp-content\/uploads\/2022\/08\/Faruk-Karagul.webp\" alt=\"Ba\u015far\u0131l\u0131 Oyuncu Faruk Karag\u00fcl &#8211; Timur Karakterini Canland\u0131racak\">\r\n        <\/figure>\r\n              <\/a>\r\n    \r\n    <div class=\"post-meta-cont\">\r\n\r\n      <div class=\"post-header\">\r\n                <div class=\"post-category\"><ul class=\"post-categories\">\n\t<li><a href=\"https:\/\/yabanarisi.com\/?cat=1\" rel=\"category\">Uncategorized<\/a><\/li><\/ul><\/div>\r\n      <\/div>\r\n\r\n      <a href=\"https:\/\/yabanarisi.com\/?p=3208\" aria-label=\"Ba\u015far\u0131l\u0131 Oyuncu Faruk Karag\u00fcl &#8211; Timur Karakterini Canland\u0131racak\">\r\n        <h3>Ba\u015far\u0131l\u0131 Oyuncu Faruk Karag\u00fcl &#8211; Timur Karakterini Canland\u0131racak<\/h3>\r\n      <\/a>\r\n      \r\n              <p class=\"post-excerpt\">Sinema d\u00fcnyas\u0131na iddial\u0131 bir giri\u015f yapmaya haz\u0131rlanan Yaban Ar\u0131s\u0131 &#8211; Alaz&#8217;\u0131n Hikayesi fil...<\/p>            \r\n      <div class=\"post-meta-footer\">\r\n        <span class=\"post-footer--author\">\r\n          <img decoding=\"async\" src=\"https:\/\/secure.gravatar.com\/avatar\/0eea6d464fe354fd958eccdae5b2af263b18b1c05c8ffd6d1d3f399550869903?s=45&d=mm&r=g\" alt=\"Hilal Eyesa Can\">\r\n          <div class=\"post-meta__info\">\r\n            <span class=\"post-meta__author\">Hilal Eyesa Can<\/span>\r\n            <div class=\"card__footer\">\r\n              <span class=\"post-meta__date\">\u015eub 9, 2026<\/span>\r\n              <span class=\"ms-p--ttr\">3 min read<\/span>\r\n            <\/div>\r\n          <\/div>\r\n        <\/span>\r\n      <\/div>\r\n    <\/div>\r\n<\/article>\r\n\r\n\t\t\t\t\t\r\n\t\t            \t        \t\t\t\t\t\t\t\t\t\t\t<nav class=\"pagination\" aria-label=\"Pagination\"><ol class=\"pagination__list\">\n<li class=\"page-item active\"><a href=\"https:\/\/yabanarisi.com\/index.php?rest_route=%2Fwp%2Fv2%2Fpages%2F148\" class=\"pagination__item\">1<\/a><\/li>\n<li class=\"display--sm\"><a href=\"https:\/\/yabanarisi.com\/index.php?rest_route=%2Fwp%2Fv2%2Fpages%2F148&#038;paged=2\" class=\"pagination__item pagination__item--ellipsis\">2<\/a><\/li>\n<li class=\"page-item next\"><a href=\"https:\/\/yabanarisi.com\/index.php?rest_route=%2Fwp%2Fv2%2Fpages%2F148&#038;paged=2\" >Next<\/a> <\/li>\n<\/ol><\/nav>\n\t\t            \t\t\t            \t\t\t<\/div>\r\n\t\t<\/div>\r\n\t\t\t\t\t\t<\/div>\n\t\t\t\t<\/div>\n\t\t\t\t\t<\/div>\n\t\t<\/div>\n\t\t\t\t\t<\/div>\n\t\t<\/section>\n\t\t\t\t<\/div>\n\t\t","protected":false},"excerpt":{"rendered":"<p>Yaban Ar\u0131s\u0131 &#8211; Alaz&#8217;\u0131n Hik\u00e2yesi Zaman \u00c7izelgesi Ziyaretler TED ANKARA KOLEJL\u0130LER S.K. Z\u0130YARET\u0130 A\u00e7\u0131klama T\u00fcrkiye&#8217;nin \u0130lk Kad\u0131n Basketbol Filmi Olma \u00d6zelli\u011fine Sahip Yaban Ar\u0131s\u0131 [&hellip;]<\/p>\n","protected":false},"author":1,"featured_media":0,"parent":0,"menu_order":0,"comment_status":"closed","ping_status":"closed","template":"page-custom.php","meta":{"_acf_changed":false,"pagelayer_contact_templates":[],"_pagelayer_content":"","footnotes":""},"class_list":["post-148","page","type-page","status-publish","hentry"],"acf":{"full_width":false,"header_transparent":false,"header_white":false},"_links":{"self":[{"href":"https:\/\/yabanarisi.com\/index.php?rest_route=\/wp\/v2\/pages\/148","targetHints":{"allow":["GET"]}}],"collection":[{"href":"https:\/\/yabanarisi.com\/index.php?rest_route=\/wp\/v2\/pages"}],"about":[{"href":"https:\/\/yabanarisi.com\/index.php?rest_route=\/wp\/v2\/types\/page"}],"author":[{"embeddable":true,"href":"https:\/\/yabanarisi.com\/index.php?rest_route=\/wp\/v2\/users\/1"}],"replies":[{"embeddable":true,"href":"https:\/\/yabanarisi.com\/index.php?rest_route=%2Fwp%2Fv2%2Fcomments&post=148"}],"version-history":[{"count":6,"href":"https:\/\/yabanarisi.com\/index.php?rest_route=\/wp\/v2\/pages\/148\/revisions"}],"predecessor-version":[{"id":3499,"href":"https:\/\/yabanarisi.com\/index.php?rest_route=\/wp\/v2\/pages\/148\/revisions\/3499"}],"wp:attachment":[{"href":"https:\/\/yabanarisi.com\/index.php?rest_route=%2Fwp%2Fv2%2Fmedia&parent=148"}],"curies":[{"name":"wp","href":"https:\/\/api.w.org\/{rel}","templated":true}]}}